{"id":4342,"date":"2024-02-29T19:55:07","date_gmt":"2024-02-29T18:55:07","guid":{"rendered":"https:\/\/pariesurtoi.be\/?page_id=4342"},"modified":"2026-03-17T10:18:50","modified_gmt":"2026-03-17T09:18:50","slug":"articles","status":"publish","type":"page","link":"https:\/\/pariesurtoi.be\/index.php\/articles\/","title":{"rendered":"Articles"},"content":{"rendered":"\t\t<div data-elementor-type=\"wp-page\" data-elementor-id=\"4342\" class=\"elementor elementor-4342\" data-elementor-post-type=\"page\">\n\t\t\t\t\t\t<section class=\"elementor-section elementor-top-section elementor-element elementor-element-9f29d0e elementor-section-boxed elementor-section-height-default elementor-section-height-default\" data-id=\"9f29d0e\" data-element_type=\"section\" data-e-type=\"section\">\n\t\t\t\t\t\t<div class=\"elementor-container elementor-column-gap-default\">\n\t\t\t\t\t<div class=\"elementor-column elementor-col-100 elementor-top-column elementor-element elementor-element-07f6ce1\" data-id=\"07f6ce1\" data-element_type=\"column\" data-e-type=\"column\">\n\t\t\t<div class=\"elementor-widget-wrap elementor-element-populated\">\n\t\t\t\t\t\t<div class=\"elementor-element elementor-element-e124068 elementor-widget-divider--separator-type-pattern elementor-widget-divider--no-spacing elementor-widget-divider--view-line elementor-widget elementor-widget-divider\" data-id=\"e124068\" data-element_type=\"widget\" data-e-type=\"widget\" data-widget_type=\"divider.default\">\n\t\t\t\t<div class=\"elementor-widget-container\">\n\t\t\t\t\t\t\t<div class=\"elementor-divider\" style=\"--divider-pattern-url: url(&quot;data:image\/svg+xml,%3Csvg xmlns=&#039;http:\/\/www.w3.org\/2000\/svg&#039; preserveAspectRatio=&#039;none&#039; overflow=&#039;visible&#039; height=&#039;100%&#039; viewBox=&#039;0 0 24 24&#039; fill=&#039;black&#039; stroke=&#039;none&#039;%3E%3Cpath d=&#039;M24,8v12H0V8H24z M24,4v1H0V4H24z&#039;\/%3E%3C\/svg%3E&quot;);\">\n\t\t\t<span class=\"elementor-divider-separator\">\n\t\t\t\t\t\t<\/span>\n\t\t<\/div>\n\t\t\t\t\t\t<\/div>\n\t\t\t\t<\/div>\n\t\t\t\t\t<\/div>\n\t\t<\/div>\n\t\t\t\t\t<\/div>\n\t\t<\/section>\n\t\t\t\t<section class=\"elementor-section elementor-top-section elementor-element elementor-element-4a19f24 elementor-section-boxed elementor-section-height-default elementor-section-height-default\" data-id=\"4a19f24\" data-element_type=\"section\" data-e-type=\"section\">\n\t\t\t\t\t\t<div class=\"elementor-container elementor-column-gap-default\">\n\t\t\t\t\t<div class=\"elementor-column elementor-col-100 elementor-top-column elementor-element elementor-element-b854125\" data-id=\"b854125\" data-element_type=\"column\" data-e-type=\"column\">\n\t\t\t<div class=\"elementor-widget-wrap elementor-element-populated\">\n\t\t\t\t\t\t<div class=\"elementor-element elementor-element-a566966 elementor-widget elementor-widget-spacer\" data-id=\"a566966\" data-element_type=\"widget\" data-e-type=\"widget\" data-widget_type=\"spacer.default\">\n\t\t\t\t<div class=\"elementor-widget-container\">\n\t\t\t\t\t\t\t<div class=\"elementor-spacer\">\n\t\t\t<div class=\"elementor-spacer-inner\"><\/div>\n\t\t<\/div>\n\t\t\t\t\t\t<\/div>\n\t\t\t\t<\/div>\n\t\t\t\t\t<\/div>\n\t\t<\/div>\n\t\t\t\t\t<\/div>\n\t\t<\/section>\n\t\t\t\t<section class=\"elementor-section elementor-top-section elementor-element elementor-element-9080b8b elementor-section-boxed elementor-section-height-default elementor-section-height-default\" data-id=\"9080b8b\" data-element_type=\"section\" data-e-type=\"section\">\n\t\t\t\t\t\t<div class=\"elementor-container elementor-column-gap-default\">\n\t\t\t\t\t<div class=\"elementor-column elementor-col-50 elementor-top-column elementor-element elementor-element-e77b2b3\" data-id=\"e77b2b3\" data-element_type=\"column\" data-e-type=\"column\">\n\t\t\t<div class=\"elementor-widget-wrap elementor-element-populated\">\n\t\t\t\t\t\t<div class=\"elementor-element elementor-element-2b9ff11 elementor-widget elementor-widget-text-editor\" data-id=\"2b9ff11\" data-element_type=\"widget\" data-e-type=\"widget\" data-widget_type=\"text-editor.default\">\n\t\t\t\t<div class=\"elementor-widget-container\">\n\t\t\t\t\t\t\t\t\t<p>A travers cette page, je souhaite te partager mes r\u00e9flexions, des articles qui mettent \u00e0 jour certaines infos concernant l&#8217;une ou l&#8217;autre th\u00e9matique ou des conseils.<\/p><p>Bonne lecture \ud83d\ude42\u00a0<\/p>\t\t\t\t\t\t\t\t<\/div>\n\t\t\t\t<\/div>\n\t\t\t\t\t<\/div>\n\t\t<\/div>\n\t\t\t\t<div class=\"elementor-column elementor-col-50 elementor-top-column elementor-element elementor-element-c668f83\" data-id=\"c668f83\" data-element_type=\"column\" data-e-type=\"column\">\n\t\t\t<div class=\"elementor-widget-wrap elementor-element-populated\">\n\t\t\t\t\t\t<div class=\"elementor-element elementor-element-949a87b elementor-align-right elementor-widget elementor-widget-button\" data-id=\"949a87b\" data-element_type=\"widget\" data-e-type=\"widget\" data-widget_type=\"button.default\">\n\t\t\t\t<div class=\"elementor-widget-container\">\n\t\t\t\t\t\t\t\t\t<div class=\"elementor-button-wrapper\">\n\t\t\t\t\t<a class=\"elementor-button elementor-button-link elementor-size-sm\" href=\"https:\/\/pariesurtoi.be\/index.php\/ressources\/\">\n\t\t\t\t\t\t<span class=\"elementor-button-content-wrapper\">\n\t\t\t\t\t\t<span class=\"elementor-button-icon\">\n\t\t\t\t<i aria-hidden=\"true\" class=\"far fa-arrow-alt-circle-left\"><\/i>\t\t\t<\/span>\n\t\t\t\t\t\t\t\t\t<span class=\"elementor-button-text\">Retour<\/span>\n\t\t\t\t\t<\/span>\n\t\t\t\t\t<\/a>\n\t\t\t\t<\/div>\n\t\t\t\t\t\t\t\t<\/div>\n\t\t\t\t<\/div>\n\t\t\t\t\t<\/div>\n\t\t<\/div>\n\t\t\t\t\t<\/div>\n\t\t<\/section>\n\t\t\t\t<section class=\"elementor-section elementor-top-section elementor-element elementor-element-38d9841 elementor-section-boxed elementor-section-height-default elementor-section-height-default\" data-id=\"38d9841\" data-element_type=\"section\" data-e-type=\"section\">\n\t\t\t\t\t\t<div class=\"elementor-container elementor-column-gap-default\">\n\t\t\t\t\t<div class=\"elementor-column elementor-col-33 elementor-top-column elementor-element elementor-element-b1747c5\" data-id=\"b1747c5\" data-element_type=\"column\" data-e-type=\"column\">\n\t\t\t<div class=\"elementor-widget-wrap\">\n\t\t\t\t\t\t\t<\/div>\n\t\t<\/div>\n\t\t\t\t<div class=\"elementor-column elementor-col-33 elementor-top-column elementor-element elementor-element-4392709\" data-id=\"4392709\" data-element_type=\"column\" data-e-type=\"column\">\n\t\t\t<div class=\"elementor-widget-wrap\">\n\t\t\t\t\t\t\t<\/div>\n\t\t<\/div>\n\t\t\t\t<div class=\"elementor-column elementor-col-33 elementor-top-column elementor-element elementor-element-68ccecc\" data-id=\"68ccecc\" data-element_type=\"column\" data-e-type=\"column\">\n\t\t\t<div class=\"elementor-widget-wrap\">\n\t\t\t\t\t\t\t<\/div>\n\t\t<\/div>\n\t\t\t\t\t<\/div>\n\t\t<\/section>\n\t\t\t\t<section class=\"elementor-section elementor-top-section elementor-element elementor-element-e84859a elementor-section-boxed elementor-section-height-default elementor-section-height-default\" data-id=\"e84859a\" data-element_type=\"section\" data-e-type=\"section\">\n\t\t\t\t\t\t<div class=\"elementor-container elementor-column-gap-default\">\n\t\t\t\t\t<div class=\"elementor-column elementor-col-25 elementor-top-column elementor-element elementor-element-3729433\" data-id=\"3729433\" data-element_type=\"column\" data-e-type=\"column\">\n\t\t\t<div class=\"elementor-widget-wrap elementor-element-populated\">\n\t\t\t\t\t\t<div class=\"elementor-element elementor-element-ee1050c elementor-widget elementor-widget-image\" data-id=\"ee1050c\" data-element_type=\"widget\" data-e-type=\"widget\" data-widget_type=\"image.default\">\n\t\t\t\t<div class=\"elementor-widget-container\">\n\t\t\t\t\t\t\t\t\t\t\t\t\t\t\t\t<a href=\"https:\/\/pariesurtoi.be\/wp-content\/uploads\/2024\/09\/1-1.png\" data-elementor-open-lightbox=\"yes\" data-elementor-lightbox-title=\"1\" data-e-action-hash=\"#elementor-action%3Aaction%3Dlightbox%26settings%3DeyJpZCI6NDcyMywidXJsIjoiaHR0cHM6XC9cL3Bhcmllc3VydG9pLmJlXC93cC1jb250ZW50XC91cGxvYWRzXC8yMDI0XC8wOVwvMS0xLnBuZyJ9\">\n\t\t\t\t\t\t\t<img fetchpriority=\"high\" decoding=\"async\" width=\"960\" height=\"960\" src=\"https:\/\/pariesurtoi.be\/wp-content\/uploads\/2024\/09\/1-1-1024x1024.png\" class=\"attachment-large size-large wp-image-4723\" alt=\"\" srcset=\"https:\/\/pariesurtoi.be\/wp-content\/uploads\/2024\/09\/1-1-1024x1024.png 1024w, https:\/\/pariesurtoi.be\/wp-content\/uploads\/2024\/09\/1-1-300x300.png 300w, https:\/\/pariesurtoi.be\/wp-content\/uploads\/2024\/09\/1-1-150x150.png 150w, https:\/\/pariesurtoi.be\/wp-content\/uploads\/2024\/09\/1-1-768x768.png 768w, https:\/\/pariesurtoi.be\/wp-content\/uploads\/2024\/09\/1-1-75x75.png 75w, https:\/\/pariesurtoi.be\/wp-content\/uploads\/2024\/09\/1-1.png 1080w\" sizes=\"(max-width: 960px) 100vw, 960px\" \/>\t\t\t\t\t\t\t\t<\/a>\n\t\t\t\t\t\t\t\t\t\t\t\t\t\t\t<\/div>\n\t\t\t\t<\/div>\n\t\t\t\t\t<\/div>\n\t\t<\/div>\n\t\t\t\t<div class=\"elementor-column elementor-col-25 elementor-top-column elementor-element elementor-element-4009916\" data-id=\"4009916\" data-element_type=\"column\" data-e-type=\"column\">\n\t\t\t<div class=\"elementor-widget-wrap elementor-element-populated\">\n\t\t\t\t\t\t<div class=\"elementor-element elementor-element-56af39e elementor-widget elementor-widget-image\" data-id=\"56af39e\" data-element_type=\"widget\" data-e-type=\"widget\" data-widget_type=\"image.default\">\n\t\t\t\t<div class=\"elementor-widget-container\">\n\t\t\t\t\t\t\t\t\t\t\t\t\t\t\t\t<a href=\"https:\/\/pariesurtoi.be\/wp-content\/uploads\/2024\/09\/2.png\" data-elementor-open-lightbox=\"yes\" data-elementor-lightbox-title=\"2\" data-e-action-hash=\"#elementor-action%3Aaction%3Dlightbox%26settings%3DeyJpZCI6NDcyNCwidXJsIjoiaHR0cHM6XC9cL3Bhcmllc3VydG9pLmJlXC93cC1jb250ZW50XC91cGxvYWRzXC8yMDI0XC8wOVwvMi5wbmcifQ%3D%3D\">\n\t\t\t\t\t\t\t<img decoding=\"async\" width=\"960\" height=\"960\" src=\"https:\/\/pariesurtoi.be\/wp-content\/uploads\/2024\/09\/2-1024x1024.png\" class=\"attachment-large size-large wp-image-4724\" alt=\"\" srcset=\"https:\/\/pariesurtoi.be\/wp-content\/uploads\/2024\/09\/2-1024x1024.png 1024w, https:\/\/pariesurtoi.be\/wp-content\/uploads\/2024\/09\/2-300x300.png 300w, https:\/\/pariesurtoi.be\/wp-content\/uploads\/2024\/09\/2-150x150.png 150w, https:\/\/pariesurtoi.be\/wp-content\/uploads\/2024\/09\/2-768x768.png 768w, https:\/\/pariesurtoi.be\/wp-content\/uploads\/2024\/09\/2-75x75.png 75w, https:\/\/pariesurtoi.be\/wp-content\/uploads\/2024\/09\/2.png 1080w\" sizes=\"(max-width: 960px) 100vw, 960px\" \/>\t\t\t\t\t\t\t\t<\/a>\n\t\t\t\t\t\t\t\t\t\t\t\t\t\t\t<\/div>\n\t\t\t\t<\/div>\n\t\t\t\t\t<\/div>\n\t\t<\/div>\n\t\t\t\t<div class=\"elementor-column elementor-col-25 elementor-top-column elementor-element elementor-element-8cc183a\" data-id=\"8cc183a\" data-element_type=\"column\" data-e-type=\"column\">\n\t\t\t<div class=\"elementor-widget-wrap elementor-element-populated\">\n\t\t\t\t\t\t<div class=\"elementor-element elementor-element-fdb916b elementor-widget elementor-widget-image\" data-id=\"fdb916b\" data-element_type=\"widget\" data-e-type=\"widget\" data-widget_type=\"image.default\">\n\t\t\t\t<div class=\"elementor-widget-container\">\n\t\t\t\t\t\t\t\t\t\t\t\t\t\t\t\t<a href=\"https:\/\/pariesurtoi.be\/wp-content\/uploads\/2024\/09\/3.png\" data-elementor-open-lightbox=\"yes\" data-elementor-lightbox-title=\"3\" data-e-action-hash=\"#elementor-action%3Aaction%3Dlightbox%26settings%3DeyJpZCI6NDcyNSwidXJsIjoiaHR0cHM6XC9cL3Bhcmllc3VydG9pLmJlXC93cC1jb250ZW50XC91cGxvYWRzXC8yMDI0XC8wOVwvMy5wbmcifQ%3D%3D\">\n\t\t\t\t\t\t\t<img decoding=\"async\" width=\"960\" height=\"960\" src=\"https:\/\/pariesurtoi.be\/wp-content\/uploads\/2024\/09\/3-1024x1024.png\" class=\"attachment-large size-large wp-image-4725\" alt=\"\" srcset=\"https:\/\/pariesurtoi.be\/wp-content\/uploads\/2024\/09\/3-1024x1024.png 1024w, https:\/\/pariesurtoi.be\/wp-content\/uploads\/2024\/09\/3-300x300.png 300w, https:\/\/pariesurtoi.be\/wp-content\/uploads\/2024\/09\/3-150x150.png 150w, https:\/\/pariesurtoi.be\/wp-content\/uploads\/2024\/09\/3-768x768.png 768w, https:\/\/pariesurtoi.be\/wp-content\/uploads\/2024\/09\/3-75x75.png 75w, https:\/\/pariesurtoi.be\/wp-content\/uploads\/2024\/09\/3.png 1080w\" sizes=\"(max-width: 960px) 100vw, 960px\" \/>\t\t\t\t\t\t\t\t<\/a>\n\t\t\t\t\t\t\t\t\t\t\t\t\t\t\t<\/div>\n\t\t\t\t<\/div>\n\t\t\t\t\t<\/div>\n\t\t<\/div>\n\t\t\t\t<div class=\"elementor-column elementor-col-25 elementor-top-column elementor-element elementor-element-0723b9e\" data-id=\"0723b9e\" data-element_type=\"column\" data-e-type=\"column\">\n\t\t\t<div class=\"elementor-widget-wrap elementor-element-populated\">\n\t\t\t\t\t\t<div class=\"elementor-element elementor-element-d28da41 elementor-widget elementor-widget-image\" data-id=\"d28da41\" data-element_type=\"widget\" data-e-type=\"widget\" data-widget_type=\"image.default\">\n\t\t\t\t<div class=\"elementor-widget-container\">\n\t\t\t\t\t\t\t\t\t\t\t\t\t\t\t\t<a href=\"https:\/\/pariesurtoi.be\/wp-content\/uploads\/2024\/09\/4.png\" data-elementor-open-lightbox=\"yes\" data-elementor-lightbox-title=\"4\" data-e-action-hash=\"#elementor-action%3Aaction%3Dlightbox%26settings%3DeyJpZCI6NDcyNiwidXJsIjoiaHR0cHM6XC9cL3Bhcmllc3VydG9pLmJlXC93cC1jb250ZW50XC91cGxvYWRzXC8yMDI0XC8wOVwvNC5wbmcifQ%3D%3D\">\n\t\t\t\t\t\t\t<img loading=\"lazy\" decoding=\"async\" width=\"960\" height=\"960\" src=\"https:\/\/pariesurtoi.be\/wp-content\/uploads\/2024\/09\/4-1024x1024.png\" class=\"attachment-large size-large wp-image-4726\" alt=\"\" srcset=\"https:\/\/pariesurtoi.be\/wp-content\/uploads\/2024\/09\/4-1024x1024.png 1024w, https:\/\/pariesurtoi.be\/wp-content\/uploads\/2024\/09\/4-300x300.png 300w, https:\/\/pariesurtoi.be\/wp-content\/uploads\/2024\/09\/4-150x150.png 150w, https:\/\/pariesurtoi.be\/wp-content\/uploads\/2024\/09\/4-768x768.png 768w, https:\/\/pariesurtoi.be\/wp-content\/uploads\/2024\/09\/4-75x75.png 75w, https:\/\/pariesurtoi.be\/wp-content\/uploads\/2024\/09\/4.png 1080w\" sizes=\"(max-width: 960px) 100vw, 960px\" \/>\t\t\t\t\t\t\t\t<\/a>\n\t\t\t\t\t\t\t\t\t\t\t\t\t\t\t<\/div>\n\t\t\t\t<\/div>\n\t\t\t\t\t<\/div>\n\t\t<\/div>\n\t\t\t\t\t<\/div>\n\t\t<\/section>\n\t\t\t\t<section class=\"elementor-section elementor-top-section elementor-element elementor-element-f1c1152 elementor-section-boxed elementor-section-height-default elementor-section-height-default\" data-id=\"f1c1152\" data-element_type=\"section\" data-e-type=\"section\">\n\t\t\t\t\t\t<div class=\"elementor-container elementor-column-gap-default\">\n\t\t\t\t\t<div class=\"elementor-column elementor-col-100 elementor-top-column elementor-element elementor-element-8a8296f\" data-id=\"8a8296f\" data-element_type=\"column\" data-e-type=\"column\">\n\t\t\t<div class=\"elementor-widget-wrap elementor-element-populated\">\n\t\t\t\t\t\t\t<\/div>\n\t\t<\/div>\n\t\t\t\t\t<\/div>\n\t\t<\/section>\n\t\t\t\t<\/div>\n\t\t","protected":false},"excerpt":{"rendered":"<p>A travers cette page, je souhaite te partager mes r\u00e9flexions, des articles qui mettent \u00e0 jour certaines infos concernant l&#8217;une ou l&#8217;autre th\u00e9matique ou des conseils. Bonne lecture \ud83d\ude42\u00a0 Retour<\/p>\n","protected":false},"author":1,"featured_media":0,"parent":0,"menu_order":0,"comment_status":"closed","ping_status":"closed","template":"","meta":{"footnotes":""},"class_list":["post-4342","page","type-page","status-publish","hentry"],"_links":{"self":[{"href":"https:\/\/pariesurtoi.be\/index.php\/wp-json\/wp\/v2\/pages\/4342","targetHints":{"allow":["GET"]}}],"collection":[{"href":"https:\/\/pariesurtoi.be\/index.php\/wp-json\/wp\/v2\/pages"}],"about":[{"href":"https:\/\/pariesurtoi.be\/index.php\/wp-json\/wp\/v2\/types\/page"}],"author":[{"embeddable":true,"href":"https:\/\/pariesurtoi.be\/index.php\/wp-json\/wp\/v2\/users\/1"}],"replies":[{"embeddable":true,"href":"https:\/\/pariesurtoi.be\/index.php\/wp-json\/wp\/v2\/comments?post=4342"}],"version-history":[{"count":37,"href":"https:\/\/pariesurtoi.be\/index.php\/wp-json\/wp\/v2\/pages\/4342\/revisions"}],"predecessor-version":[{"id":5041,"href":"https:\/\/pariesurtoi.be\/index.php\/wp-json\/wp\/v2\/pages\/4342\/revisions\/5041"}],"wp:attachment":[{"href":"https:\/\/pariesurtoi.be\/index.php\/wp-json\/wp\/v2\/media?parent=4342"}],"curies":[{"name":"wp","href":"https:\/\/api.w.org\/{rel}","templated":true}]}}